{"id":254,"date":"2024-11-26T14:20:42","date_gmt":"2024-11-26T14:20:42","guid":{"rendered":"https:\/\/pepperwanda.de\/payment-methods\/"},"modified":"2025-01-20T13:48:46","modified_gmt":"2025-01-20T13:48:46","slug":"payment-methods","status":"publish","type":"page","link":"https:\/\/pepperwanda.de\/fr\/payment-methods\/","title":{"rendered":"Payment Methods"},"content":{"rendered":"<div class=\"woocommerce woocommerce-gzd\">\n\t<ul class=\"payment_methods methods\">\n\t\t\t\t\t<li class=\"payment_method_bacs\">\n\t\t\t\t<label>Virement bancaire<\/label>\n\t\t\t\t\t\t\t\t\t<div class=\"payment_box payment_method_bacs\">\n\t\t\t\t\t\t<p>Effectuez le paiement directement depuis votre compte bancaire. Veuillez utiliser l\u2019ID de votre commande comme r\u00e9f\u00e9rence du paiement. Votre commande ne sera pas exp\u00e9di\u00e9e tant que les fonds ne seront pas re\u00e7us.<\/p>\n\t\t\t\t\t<\/div>\n\t\t\t\t\t\t\t<\/li>\n\t\t\t\t\t<li class=\"payment_method_ppcp-gateway\">\n\t\t\t\t<label>PayPal<img decoding=\"async\" src=\"https:\/\/pepperwanda.de\/wp-content\/plugins\/woocommerce-paypal-payments\/modules\/ppcp-wc-gateway\/assets\/images\/paypal.svg\" alt=\"PayPal\" \/><\/label>\n\t\t\t\t\t\t\t\t\t<div class=\"payment_box payment_method_ppcp-gateway\">\n\t\t\t\t\t\t<p>Pay via PayPal.<\/p>\n\t\t\t\t\t<\/div>\n\t\t\t\t\t\t\t<\/li>\n\t\t\t<\/ul>\n<\/div>\n","protected":false},"excerpt":{"rendered":"","protected":false},"author":1,"featured_media":0,"parent":0,"menu_order":0,"comment_status":"closed","ping_status":"closed","template":"","meta":{"footnotes":""},"class_list":["post-254","page","type-page","status-publish","hentry"],"aioseo_notices":[],"_links":{"self":[{"href":"https:\/\/pepperwanda.de\/fr\/wp-json\/wp\/v2\/pages\/254","targetHints":{"allow":["GET"]}}],"collection":[{"href":"https:\/\/pepperwanda.de\/fr\/wp-json\/wp\/v2\/pages"}],"about":[{"href":"https:\/\/pepperwanda.de\/fr\/wp-json\/wp\/v2\/types\/page"}],"author":[{"embeddable":true,"href":"https:\/\/pepperwanda.de\/fr\/wp-json\/wp\/v2\/users\/1"}],"replies":[{"embeddable":true,"href":"https:\/\/pepperwanda.de\/fr\/wp-json\/wp\/v2\/comments?post=254"}],"version-history":[{"count":1,"href":"https:\/\/pepperwanda.de\/fr\/wp-json\/wp\/v2\/pages\/254\/revisions"}],"predecessor-version":[{"id":255,"href":"https:\/\/pepperwanda.de\/fr\/wp-json\/wp\/v2\/pages\/254\/revisions\/255"}],"wp:attachment":[{"href":"https:\/\/pepperwanda.de\/fr\/wp-json\/wp\/v2\/media?parent=254"}],"curies":[{"name":"wp","href":"https:\/\/api.w.org\/{rel}","templated":true}]}}